{"id":1476,"date":"2024-03-19T08:38:43","date_gmt":"2024-03-19T07:38:43","guid":{"rendered":"https:\/\/holz-huber.at\/home\/"},"modified":"2024-03-20T07:55:06","modified_gmt":"2024-03-20T06:55:06","slug":"home","status":"publish","type":"page","link":"https:\/\/holz-huber.at\/de\/","title":{"rendered":"Home"},"content":{"rendered":"\t\t<div data-elementor-type=\"wp-page\" data-elementor-id=\"1476\" class=\"elementor elementor-1476 elementor-17\" data-elementor-post-type=\"page\">\n\t\t\t\t<div class=\"elementor-element elementor-element-8558b39 e-con-full e-flex e-con e-parent\" data-id=\"8558b39\" data-element_type=\"container\" data-e-type=\"container\" data-settings=\"{&quot;jet_parallax_layout_list&quot;:[],&quot;background_background&quot;:&quot;classic&quot;}\">\n\t\t\t\t<\/div>\n\t\t<div class=\"elementor-element elementor-element-2429dc2 e-con-full e-flex e-con e-parent\" data-id=\"2429dc2\" data-element_type=\"container\" data-e-type=\"container\" data-settings=\"{&quot;jet_parallax_layout_list&quot;:[]}\">\n\t\t<div class=\"elementor-element elementor-element-fb6dca4 e-con-full e-flex e-con e-child\" data-id=\"fb6dca4\" data-element_type=\"container\" data-e-type=\"container\" data-settings=\"{&quot;background_background&quot;:&quot;classic&quot;,&quot;jet_parallax_layout_list&quot;:[]}\">\n\t\t\t\t<div class=\"elementor-element elementor-element-756ec7 elementor-widget elementor-widget-heading\" data-id=\"756ec7\" data-element_type=\"widget\" data-e-type=\"widget\" data-widget_type=\"heading.default\">\n\t\t\t\t<div class=\"elementor-widget-container\">\n\t\t\t\t\t<h2 class=\"elementor-heading-title elementor-size-default\">Willkommen bei Holz Huber!<\/h2>\t\t\t\t<\/div>\n\t\t\t\t<\/div>\n\t\t<div class=\"elementor-element elementor-element-bcbacbe e-con-full e-flex e-con e-child\" data-id=\"bcbacbe\" data-element_type=\"container\" data-e-type=\"container\" data-settings=\"{&quot;jet_parallax_layout_list&quot;:[]}\">\n\t\t<div class=\"elementor-element elementor-element-676bb5c e-con-full e-flex e-con e-child\" data-id=\"676bb5c\" data-element_type=\"container\" data-e-type=\"container\" data-settings=\"{&quot;jet_parallax_layout_list&quot;:[]}\">\n\t\t\t\t<div class=\"elementor-element elementor-element-1fd3c95 elementor-widget-divider--view-line elementor-widget elementor-widget-divider\" data-id=\"1fd3c95\" data-element_type=\"widget\" data-e-type=\"widget\" data-widget_type=\"divider.default\">\n\t\t\t\t<div class=\"elementor-widget-container\">\n\t\t\t\t\t\t\t<div class=\"elementor-divider\">\n\t\t\t<span class=\"elementor-divider-separator\">\n\t\t\t\t\t\t<\/span>\n\t\t<\/div>\n\t\t\t\t\t\t<\/div>\n\t\t\t\t<\/div>\n\t\t\t\t<\/div>\n\t\t<div class=\"elementor-element elementor-element-95fcf9a e-flex e-con-boxed e-con e-child\" data-id=\"95fcf9a\" data-element_type=\"container\" data-e-type=\"container\" data-settings=\"{&quot;jet_parallax_layout_list&quot;:[]}\">\n\t\t\t\t\t<div class=\"e-con-inner\">\n\t\t\t\t<div class=\"elementor-element elementor-element-71c3d64 elementor-widget elementor-widget-image\" data-id=\"71c3d64\" data-element_type=\"widget\" data-e-type=\"widget\" data-widget_type=\"image.default\">\n\t\t\t\t<div class=\"elementor-widget-container\">\n\t\t\t\t\t\t\t\t\t\t\t\t\t\t\t<img fetchpriority=\"high\" decoding=\"async\" width=\"1001\" height=\"997\" src=\"https:\/\/holz-huber.at\/wp-content\/uploads\/2023\/08\/Favicon.png\" class=\"attachment-large size-large wp-image-1359\" alt=\"\" srcset=\"https:\/\/holz-huber.at\/wp-content\/uploads\/2023\/08\/Favicon.png 1001w, https:\/\/holz-huber.at\/wp-content\/uploads\/2023\/08\/Favicon-300x300.png 300w, https:\/\/holz-huber.at\/wp-content\/uploads\/2023\/08\/Favicon-150x150.png 150w, https:\/\/holz-huber.at\/wp-content\/uploads\/2023\/08\/Favicon-768x765.png 768w, https:\/\/holz-huber.at\/wp-content\/uploads\/2023\/08\/Favicon-230x230.png 230w, https:\/\/holz-huber.at\/wp-content\/uploads\/2023\/08\/Favicon-600x598.png 600w\" sizes=\"(max-width: 1001px) 100vw, 1001px\" \/>\t\t\t\t\t\t\t\t\t\t\t\t\t\t\t<\/div>\n\t\t\t\t<\/div>\n\t\t\t\t\t<\/div>\n\t\t\t\t<\/div>\n\t\t\t\t<\/div>\n\t\t\t\t<div class=\"elementor-element elementor-element-f6549d4 elementor-widget elementor-widget-text-editor\" data-id=\"f6549d4\" data-element_type=\"widget\" data-e-type=\"widget\" data-widget_type=\"text-editor.default\">\n\t\t\t\t<div class=\"elementor-widget-container\">\n\t\t\t\t\t\t\t\t\t<p>Holz Huber \u2013 Ihr zuverl\u00e4ssiger Partner f\u00fcr hochwertige Holzproduktion. Seit 1999 steht das S\u00e4gewerk Huber im \u00f6sterreichischen Feldkirchen f\u00fcr h\u00f6chste Qualit\u00e4t und Kundenzufriedenheit. Unsere gro\u00dfen Kapazit\u00e4ten erm\u00f6glichen uns die Verarbeitung von rund 20.000 Kubikmetern Holz pro Jahr, mit besonderem Augenmerk auf im Spaltschnitt hergestellte Latten aus L\u00e4rche, Fichte, Tanne und Kiefer. Um unserem selbstgesteckten Qualit\u00e4tsanspruch und den hohen Anspr\u00fcchen an die Fensterproduktion gerecht zu werden, verwenden wir ausschlie\u00dflich fein gemasertes Holz aus den s\u00fcdlichen Regionen \u00d6sterreichs und Norditalien.<\/p>\n<p>Unser Angebot reicht von Latten f\u00fcr den Fenster- und T\u00fcrenbau, \u00fcber Balken, Massivkanteln, Palettenzuschnitt und Hobelholz bis hin zu S\u00e4genebenprodukten wie S\u00e4gesp\u00e4nen.<\/p>\t\t\t\t\t\t\t\t<\/div>\n\t\t\t\t<\/div>\n\t\t\t\t<\/div>\n\t\t\t\t<\/div>\n\t\t<div class=\"elementor-element elementor-element-1468c79 e-con-full e-flex e-con e-parent\" data-id=\"1468c79\" data-element_type=\"container\" data-e-type=\"container\" data-settings=\"{&quot;jet_parallax_layout_list&quot;:[]}\">\n\t\t<div class=\"elementor-element elementor-element-a315ed6 e-con-full e-flex e-con e-child\" data-id=\"a315ed6\" data-element_type=\"container\" data-e-type=\"container\" data-settings=\"{&quot;jet_parallax_layout_list&quot;:[],&quot;background_background&quot;:&quot;classic&quot;}\">\n\t\t\t\t<div class=\"elementor-element elementor-element-82277cb hover-zoom elementor-widget elementor-widget-image\" data-id=\"82277cb\" data-element_type=\"widget\" data-e-type=\"widget\" data-widget_type=\"image.default\">\n\t\t\t\t<div class=\"elementor-widget-container\">\n\t\t\t\t\t\t\t\t\t\t\t\t\t\t\t\t<a href=\"https:\/\/holz-huber.at\/de\/produkte\/#slats\">\n\t\t\t\t\t\t\t<img decoding=\"async\" width=\"1024\" height=\"533\" src=\"https:\/\/holz-huber.at\/wp-content\/uploads\/2024\/03\/slats-1024x533.webp\" class=\"attachment-large size-large wp-image-1443\" alt=\"\" srcset=\"https:\/\/holz-huber.at\/wp-content\/uploads\/2024\/03\/slats-1024x533.webp 1024w, https:\/\/holz-huber.at\/wp-content\/uploads\/2024\/03\/slats-300x156.webp 300w, https:\/\/holz-huber.at\/wp-content\/uploads\/2024\/03\/slats-768x400.webp 768w, https:\/\/holz-huber.at\/wp-content\/uploads\/2024\/03\/slats-1536x800.webp 1536w, https:\/\/holz-huber.at\/wp-content\/uploads\/2024\/03\/slats-2048x1067.webp 2048w, https:\/\/holz-huber.at\/wp-content\/uploads\/2024\/03\/slats-600x313.webp 600w\" sizes=\"(max-width: 1024px) 100vw, 1024px\" \/>\t\t\t\t\t\t\t\t<\/a>\n\t\t\t\t\t\t\t\t\t\t\t\t\t\t\t<\/div>\n\t\t\t\t<\/div>\n\t\t\t\t<\/div>\n\t\t<div class=\"elementor-element elementor-element-ad56c84 e-con-full e-flex e-con e-child\" data-id=\"ad56c84\" data-element_type=\"container\" data-e-type=\"container\" data-settings=\"{&quot;jet_parallax_layout_list&quot;:[],&quot;background_background&quot;:&quot;classic&quot;}\">\n\t\t<div class=\"elementor-element elementor-element-5ed2ef5 e-flex e-con-boxed e-con e-child\" data-id=\"5ed2ef5\" data-element_type=\"container\" data-e-type=\"container\" data-settings=\"{&quot;background_background&quot;:&quot;classic&quot;,&quot;jet_parallax_layout_list&quot;:[]}\">\n\t\t\t\t\t<div class=\"e-con-inner\">\n\t\t\t\t<div class=\"elementor-element elementor-element-133f579 elementor-widget elementor-widget-heading\" data-id=\"133f579\" data-element_type=\"widget\" data-e-type=\"widget\" data-widget_type=\"heading.default\">\n\t\t\t\t<div class=\"elementor-widget-container\">\n\t\t\t\t\t<h2 class=\"elementor-heading-title elementor-size-default\">Lamellen<\/h2>\t\t\t\t<\/div>\n\t\t\t\t<\/div>\n\t\t\t\t<div class=\"elementor-element elementor-element-35c500f elementor-align-center elementor-widget elementor-widget-button\" data-id=\"35c500f\" data-element_type=\"widget\" data-e-type=\"widget\" data-widget_type=\"button.default\">\n\t\t\t\t<div class=\"elementor-widget-container\">\n\t\t\t\t\t\t\t\t\t<div class=\"elementor-button-wrapper\">\n\t\t\t\t\t<a class=\"elementor-button elementor-button-link elementor-size-sm elementor-animation-shrink\" href=\"https:\/\/holz-huber.at\/de\/produkte\/#slats\">\n\t\t\t\t\t\t<span class=\"elementor-button-content-wrapper\">\n\t\t\t\t\t\t<span class=\"elementor-button-icon\">\n\t\t\t\t<i aria-hidden=\"true\" class=\"fas fa-arrow-right\"><\/i>\t\t\t<\/span>\n\t\t\t\t\t\t\t\t\t<span class=\"elementor-button-text\">Mehr erfahren<\/span>\n\t\t\t\t\t<\/span>\n\t\t\t\t\t<\/a>\n\t\t\t\t<\/div>\n\t\t\t\t\t\t\t\t<\/div>\n\t\t\t\t<\/div>\n\t\t\t\t\t<\/div>\n\t\t\t\t<\/div>\n\t\t\t\t<\/div>\n\t\t\t\t<\/div>\n\t\t<div class=\"elementor-element elementor-element-8b9ee51 e-con-full e-flex e-con e-parent\" data-id=\"8b9ee51\" data-element_type=\"container\" data-e-type=\"container\" data-settings=\"{&quot;jet_parallax_layout_list&quot;:[]}\">\n\t\t<div class=\"elementor-element elementor-element-199cc66 e-con-full e-flex e-con e-child\" data-id=\"199cc66\" data-element_type=\"container\" data-e-type=\"container\" data-settings=\"{&quot;jet_parallax_layout_list&quot;:[],&quot;background_background&quot;:&quot;classic&quot;}\">\n\t\t\t\t<div class=\"elementor-element elementor-element-3c38235 hover-zoom elementor-widget elementor-widget-image\" data-id=\"3c38235\" data-element_type=\"widget\" data-e-type=\"widget\" data-widget_type=\"image.default\">\n\t\t\t\t<div class=\"elementor-widget-container\">\n\t\t\t\t\t\t\t\t\t\t\t\t\t\t\t\t<a href=\"https:\/\/holz-huber.at\/de\/produkte\/#pallet\">\n\t\t\t\t\t\t\t<img decoding=\"async\" width=\"1024\" height=\"533\" src=\"https:\/\/holz-huber.at\/wp-content\/uploads\/2024\/03\/pallet-cut-stock-1024x533.webp\" class=\"attachment-large size-large wp-image-1442\" alt=\"\" srcset=\"https:\/\/holz-huber.at\/wp-content\/uploads\/2024\/03\/pallet-cut-stock-1024x533.webp 1024w, https:\/\/holz-huber.at\/wp-content\/uploads\/2024\/03\/pallet-cut-stock-300x156.webp 300w, https:\/\/holz-huber.at\/wp-content\/uploads\/2024\/03\/pallet-cut-stock-768x400.webp 768w, https:\/\/holz-huber.at\/wp-content\/uploads\/2024\/03\/pallet-cut-stock-1536x800.webp 1536w, https:\/\/holz-huber.at\/wp-content\/uploads\/2024\/03\/pallet-cut-stock-2048x1067.webp 2048w, https:\/\/holz-huber.at\/wp-content\/uploads\/2024\/03\/pallet-cut-stock-600x313.webp 600w\" sizes=\"(max-width: 1024px) 100vw, 1024px\" \/>\t\t\t\t\t\t\t\t<\/a>\n\t\t\t\t\t\t\t\t\t\t\t\t\t\t\t<\/div>\n\t\t\t\t<\/div>\n\t\t\t\t<\/div>\n\t\t<div class=\"elementor-element elementor-element-7d2a80b e-con-full e-flex e-con e-child\" data-id=\"7d2a80b\" data-element_type=\"container\" data-e-type=\"container\" data-settings=\"{&quot;jet_parallax_layout_list&quot;:[],&quot;background_background&quot;:&quot;classic&quot;}\">\n\t\t<div class=\"elementor-element elementor-element-a658f3c e-flex e-con-boxed e-con e-child\" data-id=\"a658f3c\" data-element_type=\"container\" data-e-type=\"container\" data-settings=\"{&quot;background_background&quot;:&quot;classic&quot;,&quot;jet_parallax_layout_list&quot;:[]}\">\n\t\t\t\t\t<div class=\"e-con-inner\">\n\t\t\t\t<div class=\"elementor-element elementor-element-dfab739 elementor-widget elementor-widget-heading\" data-id=\"dfab739\" data-element_type=\"widget\" data-e-type=\"widget\" data-widget_type=\"heading.default\">\n\t\t\t\t<div class=\"elementor-widget-container\">\n\t\t\t\t\t<h2 class=\"elementor-heading-title elementor-size-default\">Verpackungsware<\/h2>\t\t\t\t<\/div>\n\t\t\t\t<\/div>\n\t\t\t\t<div class=\"elementor-element elementor-element-8ed75b7 elementor-align-center elementor-widget elementor-widget-button\" data-id=\"8ed75b7\" data-element_type=\"widget\" data-e-type=\"widget\" data-widget_type=\"button.default\">\n\t\t\t\t<div class=\"elementor-widget-container\">\n\t\t\t\t\t\t\t\t\t<div class=\"elementor-button-wrapper\">\n\t\t\t\t\t<a class=\"elementor-button elementor-button-link elementor-size-sm elementor-animation-shrink\" href=\"https:\/\/holz-huber.at\/de\/produkte\/#pallet\">\n\t\t\t\t\t\t<span class=\"elementor-button-content-wrapper\">\n\t\t\t\t\t\t<span class=\"elementor-button-icon\">\n\t\t\t\t<i aria-hidden=\"true\" class=\"fas fa-arrow-right\"><\/i>\t\t\t<\/span>\n\t\t\t\t\t\t\t\t\t<span class=\"elementor-button-text\">Mehr erfahren<\/span>\n\t\t\t\t\t<\/span>\n\t\t\t\t\t<\/a>\n\t\t\t\t<\/div>\n\t\t\t\t\t\t\t\t<\/div>\n\t\t\t\t<\/div>\n\t\t\t\t\t<\/div>\n\t\t\t\t<\/div>\n\t\t\t\t<\/div>\n\t\t\t\t<\/div>\n\t\t<div class=\"elementor-element elementor-element-12f8dd4 e-con-full e-flex e-con e-parent\" data-id=\"12f8dd4\" data-element_type=\"container\" data-e-type=\"container\" data-settings=\"{&quot;jet_parallax_layout_list&quot;:[]}\">\n\t\t<div class=\"elementor-element elementor-element-291ae09 e-con-full e-flex e-con e-child\" data-id=\"291ae09\" data-element_type=\"container\" data-e-type=\"container\" data-settings=\"{&quot;jet_parallax_layout_list&quot;:[],&quot;background_background&quot;:&quot;classic&quot;}\">\n\t\t\t\t<div class=\"elementor-element elementor-element-2e68562 hover-zoom elementor-widget elementor-widget-image\" data-id=\"2e68562\" data-element_type=\"widget\" data-e-type=\"widget\" data-widget_type=\"image.default\">\n\t\t\t\t<div class=\"elementor-widget-container\">\n\t\t\t\t\t\t\t\t\t\t\t\t\t\t\t\t<a href=\"https:\/\/holz-huber.at\/de\/produkte\/#timber\">\n\t\t\t\t\t\t\t<img loading=\"lazy\" decoding=\"async\" width=\"1024\" height=\"533\" src=\"https:\/\/holz-huber.at\/wp-content\/uploads\/2024\/03\/unplaned-timber-1024x533.webp\" class=\"attachment-large size-large wp-image-1444\" alt=\"\" srcset=\"https:\/\/holz-huber.at\/wp-content\/uploads\/2024\/03\/unplaned-timber-1024x533.webp 1024w, https:\/\/holz-huber.at\/wp-content\/uploads\/2024\/03\/unplaned-timber-300x156.webp 300w, https:\/\/holz-huber.at\/wp-content\/uploads\/2024\/03\/unplaned-timber-768x400.webp 768w, https:\/\/holz-huber.at\/wp-content\/uploads\/2024\/03\/unplaned-timber-1536x800.webp 1536w, https:\/\/holz-huber.at\/wp-content\/uploads\/2024\/03\/unplaned-timber-2048x1067.webp 2048w, https:\/\/holz-huber.at\/wp-content\/uploads\/2024\/03\/unplaned-timber-600x313.webp 600w\" sizes=\"(max-width: 1024px) 100vw, 1024px\" \/>\t\t\t\t\t\t\t\t<\/a>\n\t\t\t\t\t\t\t\t\t\t\t\t\t\t\t<\/div>\n\t\t\t\t<\/div>\n\t\t\t\t<\/div>\n\t\t<div class=\"elementor-element elementor-element-30e2926 e-con-full e-flex e-con e-child\" data-id=\"30e2926\" data-element_type=\"container\" data-e-type=\"container\" data-settings=\"{&quot;jet_parallax_layout_list&quot;:[],&quot;background_background&quot;:&quot;classic&quot;}\">\n\t\t<div class=\"elementor-element elementor-element-a04dcb7 e-flex e-con-boxed e-con e-child\" data-id=\"a04dcb7\" data-element_type=\"container\" data-e-type=\"container\" data-settings=\"{&quot;background_background&quot;:&quot;classic&quot;,&quot;jet_parallax_layout_list&quot;:[]}\">\n\t\t\t\t\t<div class=\"e-con-inner\">\n\t\t\t\t<div class=\"elementor-element elementor-element-bded945 elementor-widget elementor-widget-heading\" data-id=\"bded945\" data-element_type=\"widget\" data-e-type=\"widget\" data-widget_type=\"heading.default\">\n\t\t\t\t<div class=\"elementor-widget-container\">\n\t\t\t\t\t<h2 class=\"elementor-heading-title elementor-size-default\">Rohhobler<\/h2>\t\t\t\t<\/div>\n\t\t\t\t<\/div>\n\t\t\t\t<div class=\"elementor-element elementor-element-72f2d22 elementor-align-center elementor-widget elementor-widget-button\" data-id=\"72f2d22\" data-element_type=\"widget\" data-e-type=\"widget\" data-widget_type=\"button.default\">\n\t\t\t\t<div class=\"elementor-widget-container\">\n\t\t\t\t\t\t\t\t\t<div class=\"elementor-button-wrapper\">\n\t\t\t\t\t<a class=\"elementor-button elementor-button-link elementor-size-sm elementor-animation-shrink\" href=\"https:\/\/holz-huber.at\/de\/produkte\/#timber\">\n\t\t\t\t\t\t<span class=\"elementor-button-content-wrapper\">\n\t\t\t\t\t\t<span class=\"elementor-button-icon\">\n\t\t\t\t<i aria-hidden=\"true\" class=\"fas fa-arrow-right\"><\/i>\t\t\t<\/span>\n\t\t\t\t\t\t\t\t\t<span class=\"elementor-button-text\">Mehr erfahren<\/span>\n\t\t\t\t\t<\/span>\n\t\t\t\t\t<\/a>\n\t\t\t\t<\/div>\n\t\t\t\t\t\t\t\t<\/div>\n\t\t\t\t<\/div>\n\t\t\t\t\t<\/div>\n\t\t\t\t<\/div>\n\t\t\t\t<\/div>\n\t\t\t\t<\/div>\n\t\t<div class=\"elementor-element elementor-element-6118123 e-flex e-con-boxed e-con e-parent\" data-id=\"6118123\" data-element_type=\"container\" data-e-type=\"container\" data-settings=\"{&quot;jet_parallax_layout_list&quot;:[]}\">\n\t\t\t\t\t<div class=\"e-con-inner\">\n\t\t<div class=\"elementor-element elementor-element-c63665e e-flex e-con-boxed e-con e-child\" data-id=\"c63665e\" data-element_type=\"container\" data-e-type=\"container\" data-settings=\"{&quot;background_background&quot;:&quot;classic&quot;,&quot;jet_parallax_layout_list&quot;:[]}\">\n\t\t\t\t\t<div class=\"e-con-inner\">\n\t\t\t\t<div class=\"elementor-element elementor-element-b06b6aa elementor-widget elementor-widget-heading\" data-id=\"b06b6aa\" data-element_type=\"widget\" data-e-type=\"widget\" data-widget_type=\"heading.default\">\n\t\t\t\t<div class=\"elementor-widget-container\">\n\t\t\t\t\t<h2 class=\"elementor-heading-title elementor-size-default\">Boules, Massivkantel und andere Sonderw\u00fcnsche sind auf Anfrage erh\u00e4ltlich. <\/h2>\t\t\t\t<\/div>\n\t\t\t\t<\/div>\n\t\t\t\t\t<\/div>\n\t\t\t\t<\/div>\n\t\t\t\t\t<\/div>\n\t\t\t\t<\/div>\n\t\t\t\t<\/div>\n\t\t","protected":false},"excerpt":{"rendered":"<p>Willkommen bei Holz Huber! Holz Huber \u2013 Ihr zuverl\u00e4ssiger Partner f\u00fcr hochwertige Holzproduktion. Seit 1999 steht das S\u00e4gewerk Huber im \u00f6sterreichischen Feldkirchen f\u00fcr h\u00f6chste Qualit\u00e4t und Kundenzufriedenheit. Unsere gro\u00dfen Kapazit\u00e4ten erm\u00f6glichen uns die Verarbeitung von rund 20.000 Kubikmetern Holz pro Jahr, mit besonderem Augenmerk auf im Spaltschnitt hergestellte Latten aus L\u00e4rche, Fichte, Tanne und Kiefer. [&hellip;]<\/p>\n","protected":false},"author":1,"featured_media":0,"parent":0,"menu_order":0,"comment_status":"closed","ping_status":"closed","template":"elementor_header_footer","meta":{"_acf_changed":false,"inline_featured_image":false,"_jet_sm_ready_style":"","_jet_sm_style":"","_jet_sm_controls_values":"","_jet_sm_fonts_collection":"","_jet_sm_fonts_links":"","footnotes":""},"class_list":["post-1476","page","type-page","status-publish","hentry"],"acf":[],"yoast_head":"<!-- This site is optimized with the Yoast SEO plugin v27.4 - https:\/\/yoast.com\/product\/yoast-seo-wordpress\/ -->\n<title>Holz Huber \u2013 Hochwertige Holzproduktion<\/title>\n<meta name=\"description\" content=\"Holz Huber in Feldkirchen, \u00d6sterreich, ist Ihr zuverl\u00e4ssiger Partner f\u00fcr hochwertige Holzproduktion: Latten, Barren, Massivkanteln, Palettenschnittholz, ungehobeltes Schnittholz und S\u00e4genebenprodukte aus L\u00e4rche, Fichte, Tanne und Kiefer.\" \/>\n<meta name=\"robots\" content=\"index, follow, max-snippet:-1, max-image-preview:large, max-video-preview:-1\" \/>\n<link rel=\"canonical\" href=\"https:\/\/holz-huber.at\/de\/\" \/>\n<meta property=\"og:locale\" content=\"de_DE\" \/>\n<meta property=\"og:type\" content=\"article\" \/>\n<meta property=\"og:title\" content=\"Holz Huber \u2013 Hochwertige Holzproduktion\" \/>\n<meta property=\"og:description\" content=\"Holz Huber in Feldkirchen, \u00d6sterreich, ist Ihr zuverl\u00e4ssiger Partner f\u00fcr hochwertige Holzproduktion: Latten, Barren, Massivkanteln, Palettenschnittholz, ungehobeltes Schnittholz und S\u00e4genebenprodukte aus L\u00e4rche, Fichte, Tanne und Kiefer.\" \/>\n<meta property=\"og:url\" content=\"https:\/\/holz-huber.at\/de\/\" \/>\n<meta property=\"og:site_name\" content=\"Holz Huber\" \/>\n<meta property=\"article:modified_time\" content=\"2024-03-20T06:55:06+00:00\" \/>\n<meta property=\"og:image\" content=\"https:\/\/holz-huber.at\/wp-content\/uploads\/2023\/08\/Favicon.png\" \/>\n<meta name=\"twitter:card\" content=\"summary_large_image\" \/>\n<meta name=\"twitter:label1\" content=\"Gesch\u00e4tzte Lesezeit\" \/>\n\t<meta name=\"twitter:data1\" content=\"1\u00a0Minute\" \/>\n<script type=\"application\/ld+json\" class=\"yoast-schema-graph\">{\"@context\":\"https:\\\/\\\/schema.org\",\"@graph\":[{\"@type\":\"WebPage\",\"@id\":\"https:\\\/\\\/holz-huber.at\\\/de\\\/\",\"url\":\"https:\\\/\\\/holz-huber.at\\\/de\\\/\",\"name\":\"Holz Huber \u2013 Hochwertige Holzproduktion\",\"isPartOf\":{\"@id\":\"https:\\\/\\\/holz-huber.at\\\/de\\\/#website\"},\"primaryImageOfPage\":{\"@id\":\"https:\\\/\\\/holz-huber.at\\\/de\\\/#primaryimage\"},\"image\":{\"@id\":\"https:\\\/\\\/holz-huber.at\\\/de\\\/#primaryimage\"},\"thumbnailUrl\":\"https:\\\/\\\/holz-huber.at\\\/wp-content\\\/uploads\\\/2023\\\/08\\\/Favicon.png\",\"datePublished\":\"2024-03-19T07:38:43+00:00\",\"dateModified\":\"2024-03-20T06:55:06+00:00\",\"description\":\"Holz Huber in Feldkirchen, \u00d6sterreich, ist Ihr zuverl\u00e4ssiger Partner f\u00fcr hochwertige Holzproduktion: Latten, Barren, Massivkanteln, Palettenschnittholz, ungehobeltes Schnittholz und S\u00e4genebenprodukte aus L\u00e4rche, Fichte, Tanne und Kiefer.\",\"breadcrumb\":{\"@id\":\"https:\\\/\\\/holz-huber.at\\\/de\\\/#breadcrumb\"},\"inLanguage\":\"de\",\"potentialAction\":[{\"@type\":\"ReadAction\",\"target\":[\"https:\\\/\\\/holz-huber.at\\\/de\\\/\"]}]},{\"@type\":\"ImageObject\",\"inLanguage\":\"de\",\"@id\":\"https:\\\/\\\/holz-huber.at\\\/de\\\/#primaryimage\",\"url\":\"https:\\\/\\\/holz-huber.at\\\/wp-content\\\/uploads\\\/2023\\\/08\\\/Favicon.png\",\"contentUrl\":\"https:\\\/\\\/holz-huber.at\\\/wp-content\\\/uploads\\\/2023\\\/08\\\/Favicon.png\"},{\"@type\":\"BreadcrumbList\",\"@id\":\"https:\\\/\\\/holz-huber.at\\\/de\\\/#breadcrumb\",\"itemListElement\":[{\"@type\":\"ListItem\",\"position\":1,\"name\":\"Startseite\",\"item\":\"https:\\\/\\\/holz-huber.at\\\/de\\\/home\\\/\"},{\"@type\":\"ListItem\",\"position\":2,\"name\":\"Home\"}]},{\"@type\":\"WebSite\",\"@id\":\"https:\\\/\\\/holz-huber.at\\\/de\\\/#website\",\"url\":\"https:\\\/\\\/holz-huber.at\\\/de\\\/\",\"name\":\"Holz Huber\",\"description\":\"Fenster- und T\u00fcrlamellen\",\"potentialAction\":[{\"@type\":\"SearchAction\",\"target\":{\"@type\":\"EntryPoint\",\"urlTemplate\":\"https:\\\/\\\/holz-huber.at\\\/de\\\/?s={search_term_string}\"},\"query-input\":{\"@type\":\"PropertyValueSpecification\",\"valueRequired\":true,\"valueName\":\"search_term_string\"}}],\"inLanguage\":\"de\"}]}<\/script>\n<!-- \/ Yoast SEO plugin. -->","yoast_head_json":{"title":"Holz Huber \u2013 Hochwertige Holzproduktion","description":"Holz Huber in Feldkirchen, \u00d6sterreich, ist Ihr zuverl\u00e4ssiger Partner f\u00fcr hochwertige Holzproduktion: Latten, Barren, Massivkanteln, Palettenschnittholz, ungehobeltes Schnittholz und S\u00e4genebenprodukte aus L\u00e4rche, Fichte, Tanne und Kiefer.","robots":{"index":"index","follow":"follow","max-snippet":"max-snippet:-1","max-image-preview":"max-image-preview:large","max-video-preview":"max-video-preview:-1"},"canonical":"https:\/\/holz-huber.at\/de\/","og_locale":"de_DE","og_type":"article","og_title":"Holz Huber \u2013 Hochwertige Holzproduktion","og_description":"Holz Huber in Feldkirchen, \u00d6sterreich, ist Ihr zuverl\u00e4ssiger Partner f\u00fcr hochwertige Holzproduktion: Latten, Barren, Massivkanteln, Palettenschnittholz, ungehobeltes Schnittholz und S\u00e4genebenprodukte aus L\u00e4rche, Fichte, Tanne und Kiefer.","og_url":"https:\/\/holz-huber.at\/de\/","og_site_name":"Holz Huber","article_modified_time":"2024-03-20T06:55:06+00:00","og_image":[{"url":"https:\/\/holz-huber.at\/wp-content\/uploads\/2023\/08\/Favicon.png","type":"","width":"","height":""}],"twitter_card":"summary_large_image","twitter_misc":{"Gesch\u00e4tzte Lesezeit":"1\u00a0Minute"},"schema":{"@context":"https:\/\/schema.org","@graph":[{"@type":"WebPage","@id":"https:\/\/holz-huber.at\/de\/","url":"https:\/\/holz-huber.at\/de\/","name":"Holz Huber \u2013 Hochwertige Holzproduktion","isPartOf":{"@id":"https:\/\/holz-huber.at\/de\/#website"},"primaryImageOfPage":{"@id":"https:\/\/holz-huber.at\/de\/#primaryimage"},"image":{"@id":"https:\/\/holz-huber.at\/de\/#primaryimage"},"thumbnailUrl":"https:\/\/holz-huber.at\/wp-content\/uploads\/2023\/08\/Favicon.png","datePublished":"2024-03-19T07:38:43+00:00","dateModified":"2024-03-20T06:55:06+00:00","description":"Holz Huber in Feldkirchen, \u00d6sterreich, ist Ihr zuverl\u00e4ssiger Partner f\u00fcr hochwertige Holzproduktion: Latten, Barren, Massivkanteln, Palettenschnittholz, ungehobeltes Schnittholz und S\u00e4genebenprodukte aus L\u00e4rche, Fichte, Tanne und Kiefer.","breadcrumb":{"@id":"https:\/\/holz-huber.at\/de\/#breadcrumb"},"inLanguage":"de","potentialAction":[{"@type":"ReadAction","target":["https:\/\/holz-huber.at\/de\/"]}]},{"@type":"ImageObject","inLanguage":"de","@id":"https:\/\/holz-huber.at\/de\/#primaryimage","url":"https:\/\/holz-huber.at\/wp-content\/uploads\/2023\/08\/Favicon.png","contentUrl":"https:\/\/holz-huber.at\/wp-content\/uploads\/2023\/08\/Favicon.png"},{"@type":"BreadcrumbList","@id":"https:\/\/holz-huber.at\/de\/#breadcrumb","itemListElement":[{"@type":"ListItem","position":1,"name":"Startseite","item":"https:\/\/holz-huber.at\/de\/home\/"},{"@type":"ListItem","position":2,"name":"Home"}]},{"@type":"WebSite","@id":"https:\/\/holz-huber.at\/de\/#website","url":"https:\/\/holz-huber.at\/de\/","name":"Holz Huber","description":"Fenster- und T\u00fcrlamellen","potentialAction":[{"@type":"SearchAction","target":{"@type":"EntryPoint","urlTemplate":"https:\/\/holz-huber.at\/de\/?s={search_term_string}"},"query-input":{"@type":"PropertyValueSpecification","valueRequired":true,"valueName":"search_term_string"}}],"inLanguage":"de"}]}},"_links":{"self":[{"href":"https:\/\/holz-huber.at\/de\/wp-json\/wp\/v2\/pages\/1476","targetHints":{"allow":["GET"]}}],"collection":[{"href":"https:\/\/holz-huber.at\/de\/wp-json\/wp\/v2\/pages"}],"about":[{"href":"https:\/\/holz-huber.at\/de\/wp-json\/wp\/v2\/types\/page"}],"author":[{"embeddable":true,"href":"https:\/\/holz-huber.at\/de\/wp-json\/wp\/v2\/users\/1"}],"replies":[{"embeddable":true,"href":"https:\/\/holz-huber.at\/de\/wp-json\/wp\/v2\/comments?post=1476"}],"version-history":[{"count":16,"href":"https:\/\/holz-huber.at\/de\/wp-json\/wp\/v2\/pages\/1476\/revisions"}],"predecessor-version":[{"id":1603,"href":"https:\/\/holz-huber.at\/de\/wp-json\/wp\/v2\/pages\/1476\/revisions\/1603"}],"wp:attachment":[{"href":"https:\/\/holz-huber.at\/de\/wp-json\/wp\/v2\/media?parent=1476"}],"curies":[{"name":"wp","href":"https:\/\/api.w.org\/{rel}","templated":true}]}}